{"id":3235,"date":"2024-01-27T12:17:31","date_gmt":"2024-01-27T09:17:31","guid":{"rendered":"https:\/\/www.cilgincicekcilik.com\/?post_type=product&#038;p=3235"},"modified":"2024-01-27T12:17:32","modified_gmt":"2024-01-27T09:17:32","slug":"clg06ys-siyah-saksida-tek-dal-kokina","status":"publish","type":"product","link":"https:\/\/www.cilgincicekcilik.com\/?product=clg06ys-siyah-saksida-tek-dal-kokina","title":{"rendered":"CLG06YS &#8211; Siyah Saks\u0131da Tek Dal Kokina"},"content":{"rendered":"<h6 style=\"text-align: center;\">CLG06YS &#8211; Siyah Saks\u0131da Tek Dal Kokina<\/h6>\n<h6 style=\"text-align: center;\">Koli i\u00e7i: 45 ADET\u00a0 \u00a0 \u00a0 \u00a0 \u00a0 \u00a0 \u00a0 \u00a0 \u00a0 Koli ebatlar\u0131 : 69*47*100<\/h6>\n<h6 style=\"text-align: center;\">Box i\u00e7i : 15 ADET\u00a0 \u00a0 \u00a0 \u00a0 \u00a0 \u00a0 \u00a0 \u00a0 \u00a0 Box ebatlar\u0131\u00a0 : 66*44*29<\/h6>\n<h6 style=\"text-align: center;\"><\/h6>\n<h6 style=\"text-align: center;\">T\u00fcm \u00fcr\u00fcnler koli bazl\u0131 Sat\u0131lmaktad\u0131r .<\/h6>\n<h6 style=\"text-align: center;\">Fiyat bilgisi , Sipari\u015fleriniz ve sorular\u0131n\u0131z i\u00e7in Firma \u00fcnvan\u0131n\u0131z ile birlikte be\u011fendi\u011finiz \u00fcr\u00fcnlerin kodunu yada g\u00f6rsellerini whatsapp hatlar\u0131m\u0131za iletiniz . . .<\/h6>\n<h6 style=\"text-align: center;\">Whattsapp : 553 307 9264 \/ 531 705 08 14<\/h6>\n","protected":false},"excerpt":{"rendered":"<p>CLG06YS &#8211; Siyah Saks\u0131da Tek Dal Kokina Koli i\u00e7i: 45 ADET\u00a0 \u00a0 \u00a0 \u00a0 \u00a0 \u00a0 \u00a0 \u00a0 \u00a0 Koli ebatlar\u0131 : 69*47*100 Box i\u00e7i : 15 ADET\u00a0 \u00a0 \u00a0 \u00a0 \u00a0 \u00a0 \u00a0 \u00a0 \u00a0 Box ebatlar\u0131\u00a0 : 66*44*29 T\u00fcm \u00fcr\u00fcnler koli bazl\u0131 Sat\u0131lmaktad\u0131r . Fiyat bilgisi , Sipari\u015fleriniz ve sorular\u0131n\u0131z i\u00e7in Firma \u00fcnvan\u0131n\u0131z [&hellip;]<\/p>\n","protected":false},"featured_media":3236,"template":"","meta":[],"product_cat":[23,26,27,24],"product_tag":[],"aioseo_notices":[],"_links":{"self":[{"href":"https:\/\/www.cilgincicekcilik.com\/index.php?rest_route=\/wp\/v2\/product\/3235"}],"collection":[{"href":"https:\/\/www.cilgincicekcilik.com\/index.php?rest_route=\/wp\/v2\/product"}],"about":[{"href":"https:\/\/www.cilgincicekcilik.com\/index.php?rest_route=\/wp\/v2\/types\/product"}],"version-history":[{"count":1,"href":"https:\/\/www.cilgincicekcilik.com\/index.php?rest_route=\/wp\/v2\/product\/3235\/revisions"}],"predecessor-version":[{"id":3237,"href":"https:\/\/www.cilgincicekcilik.com\/index.php?rest_route=\/wp\/v2\/product\/3235\/revisions\/3237"}],"wp:featuredmedia":[{"embeddable":true,"href":"https:\/\/www.cilgincicekcilik.com\/index.php?rest_route=\/wp\/v2\/media\/3236"}],"wp:attachment":[{"href":"https:\/\/www.cilgincicekcilik.com\/index.php?rest_route=%2Fwp%2Fv2%2Fmedia&parent=3235"}],"wp:term":[{"taxonomy":"product_cat","embeddable":true,"href":"https:\/\/www.cilgincicekcilik.com\/index.php?rest_route=%2Fwp%2Fv2%2Fproduct_cat&post=3235"},{"taxonomy":"product_tag","embeddable":true,"href":"https:\/\/www.cilgincicekcilik.com\/index.php?rest_route=%2Fwp%2Fv2%2Fproduct_tag&post=3235"}],"curies":[{"name":"wp","href":"https:\/\/api.w.org\/{rel}","templated":true}]}}