{"id":3053,"date":"2024-01-30T14:00:21","date_gmt":"2024-01-30T11:00:21","guid":{"rendered":"https:\/\/www.cilgincicekcilik.com\/?post_type=product&#038;p=3053"},"modified":"2024-01-30T15:14:38","modified_gmt":"2024-01-30T12:14:38","slug":"k873s-porselen-goruumlu-saksida-kokina","status":"publish","type":"product","link":"https:\/\/www.cilgincicekcilik.com\/?product=k873s-porselen-goruumlu-saksida-kokina","title":{"rendered":"K873S &#8211; Porselen G\u00f6r\u00fcn\u00fcml\u00fc Saks\u0131da Kokina"},"content":{"rendered":"<h6 style=\"text-align: center;\">K873S &#8211; Porselen G\u00f6r\u00fcn\u00fcml\u00fc Saks\u0131da Kokina<\/h6>\n<h6 style=\"text-align: center;\">Koli i\u00e7i: 36 ADET\u00a0 \u00a0 \u00a0 \u00a0 \u00a0 \u00a0 \u00a0 \u00a0 \u00a0 Koli ebatlar\u0131 : 69*47*100<\/h6>\n<h6 style=\"text-align: center;\">Box i\u00e7i : 12 ADET\u00a0 \u00a0 \u00a0 \u00a0 \u00a0 \u00a0 \u00a0 \u00a0 \u00a0 Box ebatlar\u0131\u00a0 : 66*44*39<\/h6>\n<h6 style=\"text-align: center;\"><\/h6>\n<h6 style=\"text-align: center;\">T\u00fcm \u00fcr\u00fcnler koli bazl\u0131 Sat\u0131lmaktad\u0131r .<\/h6>\n<h6 style=\"text-align: center;\">Fiyat bilgisi , Sipari\u015fleriniz ve sorular\u0131n\u0131z i\u00e7in Firma \u00fcnvan\u0131n\u0131z ile birlikte be\u011fendi\u011finiz \u00fcr\u00fcnlerin kodunu yada g\u00f6rsellerini whatsapp hatlar\u0131m\u0131za iletiniz . . .<\/h6>\n<h6 style=\"text-align: center;\">Whattsapp : 553 307 9264 \/ 531 705 08 14<\/h6>\n","protected":false},"excerpt":{"rendered":"<p>K873S &#8211; Porselen G\u00f6r\u00fcn\u00fcml\u00fc Saks\u0131da Kokina Koli i\u00e7i: 36 ADET\u00a0 \u00a0 \u00a0 \u00a0 \u00a0 \u00a0 \u00a0 \u00a0 \u00a0 Koli ebatlar\u0131 : 69*47*100 Box i\u00e7i : 12 ADET\u00a0 \u00a0 \u00a0 \u00a0 \u00a0 \u00a0 \u00a0 \u00a0 \u00a0 Box ebatlar\u0131\u00a0 : 66*44*39 T\u00fcm \u00fcr\u00fcnler koli bazl\u0131 Sat\u0131lmaktad\u0131r . Fiyat bilgisi , Sipari\u015fleriniz ve sorular\u0131n\u0131z i\u00e7in Firma \u00fcnvan\u0131n\u0131z ile [&hellip;]<\/p>\n","protected":false},"featured_media":2110,"template":"","meta":[],"product_cat":[23,26,27,24],"product_tag":[],"aioseo_notices":[],"_links":{"self":[{"href":"https:\/\/www.cilgincicekcilik.com\/index.php?rest_route=\/wp\/v2\/product\/3053"}],"collection":[{"href":"https:\/\/www.cilgincicekcilik.com\/index.php?rest_route=\/wp\/v2\/product"}],"about":[{"href":"https:\/\/www.cilgincicekcilik.com\/index.php?rest_route=\/wp\/v2\/types\/product"}],"version-history":[{"count":2,"href":"https:\/\/www.cilgincicekcilik.com\/index.php?rest_route=\/wp\/v2\/product\/3053\/revisions"}],"predecessor-version":[{"id":3129,"href":"https:\/\/www.cilgincicekcilik.com\/index.php?rest_route=\/wp\/v2\/product\/3053\/revisions\/3129"}],"wp:featuredmedia":[{"embeddable":true,"href":"https:\/\/www.cilgincicekcilik.com\/index.php?rest_route=\/wp\/v2\/media\/2110"}],"wp:attachment":[{"href":"https:\/\/www.cilgincicekcilik.com\/index.php?rest_route=%2Fwp%2Fv2%2Fmedia&parent=3053"}],"wp:term":[{"taxonomy":"product_cat","embeddable":true,"href":"https:\/\/www.cilgincicekcilik.com\/index.php?rest_route=%2Fwp%2Fv2%2Fproduct_cat&post=3053"},{"taxonomy":"product_tag","embeddable":true,"href":"https:\/\/www.cilgincicekcilik.com\/index.php?rest_route=%2Fwp%2Fv2%2Fproduct_tag&post=3053"}],"curies":[{"name":"wp","href":"https:\/\/api.w.org\/{rel}","templated":true}]}}