{"id":2962,"date":"2024-01-30T14:25:35","date_gmt":"2024-01-30T11:25:35","guid":{"rendered":"https:\/\/www.cilgincicekcilik.com\/?post_type=product&#038;p=2962"},"modified":"2024-01-30T15:14:59","modified_gmt":"2024-01-30T12:14:59","slug":"a186-porselen-saksida-limon-agaci","status":"publish","type":"product","link":"https:\/\/www.cilgincicekcilik.com\/?product=a186-porselen-saksida-limon-agaci","title":{"rendered":"A186S &#8211; Porselen Saks\u0131da Limon A\u011fac\u0131"},"content":{"rendered":"<h6 style=\"text-align: center;\">A186S &#8211; Porselen Saks\u0131da Limon A\u011fac\u0131<\/h6>\n<h6 style=\"text-align: center;\">Koli i\u00e7i: 36 ADET\u00a0 \u00a0 \u00a0 \u00a0 \u00a0 \u00a0 \u00a0 \u00a0 \u00a0 Koli ebatlar\u0131 : 69*47*100<\/h6>\n<h6 style=\"text-align: center;\">Box i\u00e7i : 12 ADET\u00a0 \u00a0 \u00a0 \u00a0 \u00a0 \u00a0 \u00a0 \u00a0 \u00a0 Box ebatlar\u0131\u00a0 : 66*44*39<\/h6>\n<h6 style=\"text-align: center;\"><\/h6>\n<h6 style=\"text-align: center;\">T\u00fcm \u00fcr\u00fcnler koli bazl\u0131 Sat\u0131lmaktad\u0131r .<\/h6>\n<h6 style=\"text-align: center;\">Fiyat bilgisi , Sipari\u015fleriniz ve sorular\u0131n\u0131z i\u00e7in Firma \u00fcnvan\u0131n\u0131z ile birlikte be\u011fendi\u011finiz \u00fcr\u00fcnlerin kodunu yada g\u00f6rsellerini whatsapp hatlar\u0131m\u0131za iletiniz . . .<\/h6>\n<h6 style=\"text-align: center;\">Whattsapp : 553 307 9264 \/ 531 705 08 14<\/h6>\n","protected":false},"excerpt":{"rendered":"<p style=\"text-align: center;\"><strong>\u00dcr\u00fcn Boyu: 39 cm<\/strong><br \/>\n<strong>\u00dcr\u00fcn Saks\u0131 Boyu : 12 Cm<\/strong><\/p>\n<p style=\"text-align: center;\"><strong>Koli i\u00e7i : 60 Adet<\/strong><br \/>\n<strong>Box i\u00e7i : 12 Adet<\/strong><\/p>\n","protected":false},"featured_media":2963,"template":"","meta":[],"product_cat":[23,26,27,24],"product_tag":[],"aioseo_notices":[],"_links":{"self":[{"href":"https:\/\/www.cilgincicekcilik.com\/index.php?rest_route=\/wp\/v2\/product\/2962"}],"collection":[{"href":"https:\/\/www.cilgincicekcilik.com\/index.php?rest_route=\/wp\/v2\/product"}],"about":[{"href":"https:\/\/www.cilgincicekcilik.com\/index.php?rest_route=\/wp\/v2\/types\/product"}],"version-history":[{"count":4,"href":"https:\/\/www.cilgincicekcilik.com\/index.php?rest_route=\/wp\/v2\/product\/2962\/revisions"}],"predecessor-version":[{"id":3050,"href":"https:\/\/www.cilgincicekcilik.com\/index.php?rest_route=\/wp\/v2\/product\/2962\/revisions\/3050"}],"wp:featuredmedia":[{"embeddable":true,"href":"https:\/\/www.cilgincicekcilik.com\/index.php?rest_route=\/wp\/v2\/media\/2963"}],"wp:attachment":[{"href":"https:\/\/www.cilgincicekcilik.com\/index.php?rest_route=%2Fwp%2Fv2%2Fmedia&parent=2962"}],"wp:term":[{"taxonomy":"product_cat","embeddable":true,"href":"https:\/\/www.cilgincicekcilik.com\/index.php?rest_route=%2Fwp%2Fv2%2Fproduct_cat&post=2962"},{"taxonomy":"product_tag","embeddable":true,"href":"https:\/\/www.cilgincicekcilik.com\/index.php?rest_route=%2Fwp%2Fv2%2Fproduct_tag&post=2962"}],"curies":[{"name":"wp","href":"https:\/\/api.w.org\/{rel}","templated":true}]}}