{"id":2944,"date":"2024-01-08T14:33:58","date_gmt":"2024-01-08T11:33:58","guid":{"rendered":"https:\/\/www.cilgincicekcilik.com\/?post_type=product&#038;p=2944"},"modified":"2024-01-27T11:12:29","modified_gmt":"2024-01-27T08:12:29","slug":"cim-detayli-yapay-difenbahya-agaci","status":"publish","type":"product","link":"https:\/\/www.cilgincicekcilik.com\/?product=cim-detayli-yapay-difenbahya-agaci","title":{"rendered":"A133 &#8211; Siyah Saks\u0131da 120 cm Difenbahya A\u011fac\u0131"},"content":{"rendered":"<h6 style=\"text-align: center;\">A133 &#8211; S\u0130YAH SAKSIDA 120 CM D\u0130FENBAHYA A\u011eACI<\/h6>\n<h6 style=\"text-align: center;\">Koli i\u00e7i: 30 ADET\u00a0 \u00a0 \u00a0 \u00a0 \u00a0 \u00a0 \u00a0 \u00a0 \u00a0 Koli ebatlar\u0131 : 69*47*100<\/h6>\n<h6 style=\"text-align: center;\">Box i\u00e7i : 15 ADET\u00a0 \u00a0 \u00a0 \u00a0 \u00a0 \u00a0 \u00a0 \u00a0 \u00a0 Box ebatlar\u0131\u00a0 : 69*47*100<\/h6>\n<h6 style=\"text-align: center;\"><\/h6>\n<h6 style=\"text-align: center;\">T\u00fcm \u00fcr\u00fcnler koli bazl\u0131 Sat\u0131lmaktad\u0131r .<\/h6>\n<h6 style=\"text-align: center;\">Fiyat bilgisi , Sipari\u015fleriniz ve sorular\u0131n\u0131z i\u00e7in Firma \u00fcnvan\u0131n\u0131z ile birlikte be\u011fendi\u011finiz \u00fcr\u00fcnlerin kodunu yada g\u00f6rsellerini whatsapp hatlar\u0131m\u0131za iletiniz . . .<\/h6>\n<h6 style=\"text-align: center;\">Whattsapp : 553 307 9264 \/ 531 705 08 14<\/h6>\n<p>&nbsp;<\/p>\n","protected":false},"excerpt":{"rendered":"<p style=\"text-align: center;\"><strong>\u00dcr\u00fcn Boyu: 112 Cm<\/strong><br \/>\n<strong>\u00dcr\u00fcn Dal Say\u0131s\u0131:<\/strong><br \/>\n<strong>\u00dcr\u00fcn \u00c7i\u00e7ek Say\u0131s\u0131:<\/strong><\/p>\n<p style=\"text-align: center;\"><strong>Koli i\u00e7i : 25 Adet<\/strong><br \/>\n<strong>Box i\u00e7i : 12 Adet<\/strong><\/p>\n","protected":false},"featured_media":2945,"template":"","meta":[],"product_cat":[23,26,27,24],"product_tag":[],"aioseo_notices":[],"_links":{"self":[{"href":"https:\/\/www.cilgincicekcilik.com\/index.php?rest_route=\/wp\/v2\/product\/2944"}],"collection":[{"href":"https:\/\/www.cilgincicekcilik.com\/index.php?rest_route=\/wp\/v2\/product"}],"about":[{"href":"https:\/\/www.cilgincicekcilik.com\/index.php?rest_route=\/wp\/v2\/types\/product"}],"version-history":[{"count":3,"href":"https:\/\/www.cilgincicekcilik.com\/index.php?rest_route=\/wp\/v2\/product\/2944\/revisions"}],"predecessor-version":[{"id":3048,"href":"https:\/\/www.cilgincicekcilik.com\/index.php?rest_route=\/wp\/v2\/product\/2944\/revisions\/3048"}],"wp:featuredmedia":[{"embeddable":true,"href":"https:\/\/www.cilgincicekcilik.com\/index.php?rest_route=\/wp\/v2\/media\/2945"}],"wp:attachment":[{"href":"https:\/\/www.cilgincicekcilik.com\/index.php?rest_route=%2Fwp%2Fv2%2Fmedia&parent=2944"}],"wp:term":[{"taxonomy":"product_cat","embeddable":true,"href":"https:\/\/www.cilgincicekcilik.com\/index.php?rest_route=%2Fwp%2Fv2%2Fproduct_cat&post=2944"},{"taxonomy":"product_tag","embeddable":true,"href":"https:\/\/www.cilgincicekcilik.com\/index.php?rest_route=%2Fwp%2Fv2%2Fproduct_tag&post=2944"}],"curies":[{"name":"wp","href":"https:\/\/api.w.org\/{rel}","templated":true}]}}